{"id":1648,"date":"2023-03-16T13:53:41","date_gmt":"2023-03-16T13:53:41","guid":{"rendered":"https:\/\/tecnologia.vamtam.com\/?page_id=1648"},"modified":"2025-12-17T12:16:37","modified_gmt":"2025-12-17T12:16:37","slug":"datenschutzrichtlinie","status":"publish","type":"page","link":"https:\/\/pwp-sa.ch\/de\/privacy-policy\/","title":{"rendered":"Privacy Policy"},"content":{"rendered":"<div data-elementor-type=\"wp-page\" data-elementor-id=\"1648\" class=\"elementor elementor-1648\" data-elementor-post-type=\"page\">\n\t\t\t\t\t\t<section class=\"elementor-section elementor-top-section elementor-element elementor-element-6c5644c elementor-section-boxed elementor-section-height-default elementor-section-height-default magic-button-disabled-no\" data-id=\"6c5644c\" data-element_type=\"section\" data-e-type=\"section\">\n\t\t\t\t\t\t<div class=\"elementor-container elementor-column-gap-default\">\n\t\t\t\t\t<div class=\"elementor-column elementor-col-100 elementor-top-column elementor-element elementor-element-759c98e\" data-id=\"759c98e\" data-element_type=\"column\" data-e-type=\"column\">\n\t\t\t<div class=\"elementor-widget-wrap elementor-element-populated\">\n\t\t\t\t\t\t<div class=\"elementor-element elementor-element-9af75f0 animated-slow elementor-invisible elementor-widget elementor-widget-heading\" data-id=\"9af75f0\" data-element_type=\"widget\" data-e-type=\"widget\" data-settings=\"{&quot;_animation&quot;:&quot;fadeIn&quot;,&quot;_animation_tablet&quot;:&quot;none&quot;}\" data-widget_type=\"heading.default\">\n\t\t\t\t<div class=\"elementor-widget-container\">\n\t\t\t\t\t<h1 class=\"elementor-heading-title elementor-size-default\">Datenschutzrichtlinie <\/h1>\t\t\t\t<\/div>\n\t\t\t\t<\/div>\n\t\t\t\t<div class=\"elementor-element elementor-element-88a728c animated-slow elementor-invisible elementor-widget elementor-widget-heading\" data-id=\"88a728c\" data-element_type=\"widget\" data-e-type=\"widget\" data-settings=\"{&quot;_animation&quot;:&quot;fadeIn&quot;,&quot;_animation_tablet&quot;:&quot;none&quot;,&quot;_animation_delay&quot;:300}\" data-widget_type=\"heading.default\">\n\t\t\t\t<div class=\"elementor-widget-container\">\n\t\t\t\t\t<p class=\"elementor-heading-title elementor-size-default\">PWP SA<\/p>\t\t\t\t<\/div>\n\t\t\t\t<\/div>\n\t\t\t\t<div class=\"elementor-element elementor-element-31a03c4 elementor-widget elementor-widget-spacer\" data-id=\"31a03c4\" data-element_type=\"widget\" data-e-type=\"widget\" data-widget_type=\"spacer.default\">\n\t\t\t\t<div class=\"elementor-widget-container\">\n\t\t\t\t\t\t\t<div class=\"elementor-spacer\">\n\t\t\t<div class=\"elementor-spacer-inner\"><\/div>\n\t\t<\/div>\n\t\t\t\t\t\t<\/div>\n\t\t\t\t<\/div>\n\t\t\t\t\t<\/div>\n\t\t<\/div>\n\t\t\t\t\t<\/div>\n\t\t<\/section>\n\t\t<div class=\"elementor-element elementor-element-caf7470 e-flex e-con-boxed magic-button-disabled-no e-con e-parent\" data-id=\"caf7470\" data-element_type=\"container\" data-e-type=\"container\">\n\t\t\t\t\t<div class=\"e-con-inner\">\n\t\t\t\t<div class=\"elementor-element elementor-element-43eefdd elementor-widget elementor-widget-text-editor\" data-id=\"43eefdd\" data-element_type=\"widget\" data-e-type=\"widget\" data-widget_type=\"text-editor.default\">\n\t\t\t\t<div class=\"elementor-widget-container\">\n\t\t\t\t\t\t\t\t\t<h4 data-path-to-node=\"4\">1. Welche Informationen sammeln wir?<\/h4><p data-path-to-node=\"5\">Im Rahmen unserer Gesch\u00e4ftsbeziehungen (B2B und B2C) k\u00f6nnen wir die folgenden Daten erheben, wenn Sie mit uns interagieren:<\/p><ul data-path-to-node=\"6\"><li><p data-path-to-node=\"6,0,0\"><b>Identifikationsdaten :<\/b> Name, Vorname, Name des Unternehmens, Postanschrift (Hauptsitz und Lieferung), E-Mail-Adresse, Telefonnummer(n).<\/p><\/li><li><p data-path-to-node=\"6,1,0\"><b>Transaktionsdaten :<\/b> Bestellhistorie, Rechnungsnummern, Informationen \u00fcber Zahlungsmethoden (sicher verarbeitet).<\/p><\/li><li><p data-path-to-node=\"6,2,0\"><b>Technische Daten :<\/b> IP-Adresse und Browserdaten \u00fcber Cookies (damit die Website richtig funktioniert).<\/p><\/li><\/ul><h4 data-path-to-node=\"7\">2. Wie sammeln wir diese Informationen?<\/h4><p data-path-to-node=\"8\">Wir sammeln Informationen \u00fcber Sie nur, wenn dies durch unsere Gesch\u00e4ftst\u00e4tigkeit gerechtfertigt ist :<\/p><ul data-path-to-node=\"9\"><li><p data-path-to-node=\"9,0,0\"><b>Direkt :<\/b> Wenn Sie ein Kundenkonto einrichten, eine Bestellung aufgeben, ein Angebot\/Kostenvoranschlag anfordern oder sich per E-Mail oder Telefon an unseren Kundenservice wenden.<\/p><\/li><li><p data-path-to-node=\"9,1,0\"><b>Automatisch :<\/b> \u00dcber wesentliche Cookies, wenn Sie auf der Website navigieren, um eine sichere Verbindung zu gew\u00e4hrleisten und Ihren Einkaufswagen zu pflegen.<\/p><\/li><li><p data-path-to-node=\"9,2,0\"><b>\u00dcber Dritte :<\/b> Wir k\u00f6nnen grundlegende Informationen (Adresse, Kreditw\u00fcrdigkeit) \u00fcber \u00f6ffentliche Register oder Gesch\u00e4ftspartner erhalten, allerdings nur unter strikter Einhaltung der gesetzlichen Bestimmungen.<\/p><\/li><\/ul><h4 data-path-to-node=\"10\">3. Vertraulichkeit und Weitergabe von Daten<\/h4><p data-path-to-node=\"11\">PWP SA ist der alleinige Eigent\u00fcmer der Informationen, die auf dieser Website gesammelt werden. Ihre pers\u00f6nlichen Daten werden nur <b>weder verkauft, noch getauscht, noch \u00fcbertragen<\/b> an ein anderes Unternehmen zu kommerziellen Zwecken ohne Ihre Zustimmung weitergeben.<\/p><p data-path-to-node=\"12\">Wir teilen Daten nur mit vertrauensw\u00fcrdigen Dritten, die f\u00fcr die Erbringung unserer Dienstleistungen erforderlich sind :<\/p><ul data-path-to-node=\"13\"><li><p data-path-to-node=\"13,0,0\"><b>Logistikdienstleister :<\/b> Um Ihre Ware zu liefern (z. B. die Post, DPD, private Spediteure).<\/p><\/li><li><p data-path-to-node=\"13,1,0\"><b>Technische Dienstleister :<\/b> F\u00fcr das Hosting und die Wartung unserer sicheren Website.<\/p><\/li><\/ul><p data-path-to-node=\"14\">Wir sind nicht f\u00fcr die Datenschutzrichtlinien externer Websites verantwortlich, auf die wir m\u00f6glicherweise verlinken (z. B. Websites von Herstellern oder Partnern), obwohl wir diese sorgf\u00e4ltig ausw\u00e4hlen.<\/p><h4 data-path-to-node=\"15\">4. Sicherheit der Daten<\/h4><p data-path-to-node=\"16\">Wir setzen eine Vielzahl von Sicherheitsma\u00dfnahmen ein, um die Sicherheit Ihrer pers\u00f6nlichen Informationen zu wahren. Wir verwenden eine hochmoderne Verschl\u00fcsselung (SSL\/HTTPS-Protokoll), um sensible Informationen, die online \u00fcbertragen werden, zu sch\u00fctzen. Nur Mitarbeiter, die eine bestimmte Arbeit ausf\u00fchren m\u00fcssen (z. B. Rechnungsstellung oder Kundenservice), haben Zugang zu pers\u00f6nlich identifizierbaren Informationen.<\/p><h4 data-path-to-node=\"17\">5. Ihre Rechte und Kontakt (Beschwerden)<\/h4><p data-path-to-node=\"18\">Gem\u00e4\u00df dem Bundesgesetz \u00fcber den Datenschutz (nDSG) haben Sie das Recht, auf Ihre Daten zuzugreifen, sie zu berichtigen und zu l\u00f6schen.<\/p><p data-path-to-node=\"19\">Wenn Sie mit der Art und Weise, wie wir Ihre Daten verarbeiten, nicht zufrieden sind oder wenn Sie Ihre Rechte aus\u00fcben m\u00f6chten, wenden Sie sich bitte zuerst an uns :<\/p><ul data-path-to-node=\"20\"><li><p data-path-to-node=\"20,0,0\"><b>Per E-Mail:<\/b> info@pwp-sa.ch<\/p><\/li><li><p data-path-to-node=\"20,1,0\"><b>Per Post :<\/b> PWP SA, Route de Neuch\u00e2tel 10, 1530 Payerne.<\/p><\/li><\/ul><p data-path-to-node=\"21\">Wir verpflichten uns, Ihre Anfrage zu pr\u00fcfen und Ihnen innerhalb von h\u00f6chstens 30 Tagen zu antworten. Wenn Sie, nachdem Sie uns kontaktiert haben, der Meinung sind, dass Ihre Rechte nicht respektiert werden, haben Sie die M\u00f6glichkeit, den Eidgen\u00f6ssischen Datenschutz- und \u00d6ffentlichkeitsbeauftragten (ED\u00d6B) zu kontaktieren.<\/p>\t\t\t\t\t\t\t\t<\/div>\n\t\t\t\t<\/div>\n\t\t\t\t\t<\/div>\n\t\t\t\t<\/div>\n\t\t\t\t<\/div>","protected":false},"excerpt":{"rendered":"<p>Datenschutzrichtlinie PWP SA 1. Welche Informationen sammeln wir? Im Rahmen unserer Gesch\u00e4ftsbeziehungen (B2B und B2C) k\u00f6nnen wir die folgenden Daten sammeln, wenn Sie mit uns interagieren: Identifikationsdaten: Name, Vorname, Firmenname, Postanschrift (Hauptsitz und Lieferung), E-Mail-Adresse, Telefonnummer(n). Transaktionsdaten:...<\/p>","protected":false},"author":1,"featured_media":0,"parent":0,"menu_order":0,"comment_status":"closed","ping_status":"closed","template":"","meta":{"footnotes":""},"class_list":["post-1648","page","type-page","status-publish","hentry"],"_links":{"self":[{"href":"https:\/\/pwp-sa.ch\/de\/wp-json\/wp\/v2\/pages\/1648","targetHints":{"allow":["GET"]}}],"collection":[{"href":"https:\/\/pwp-sa.ch\/de\/wp-json\/wp\/v2\/pages"}],"about":[{"href":"https:\/\/pwp-sa.ch\/de\/wp-json\/wp\/v2\/types\/page"}],"author":[{"embeddable":true,"href":"https:\/\/pwp-sa.ch\/de\/wp-json\/wp\/v2\/users\/1"}],"replies":[{"embeddable":true,"href":"https:\/\/pwp-sa.ch\/de\/wp-json\/wp\/v2\/comments?post=1648"}],"version-history":[{"count":6,"href":"https:\/\/pwp-sa.ch\/de\/wp-json\/wp\/v2\/pages\/1648\/revisions"}],"predecessor-version":[{"id":15238,"href":"https:\/\/pwp-sa.ch\/de\/wp-json\/wp\/v2\/pages\/1648\/revisions\/15238"}],"wp:attachment":[{"href":"https:\/\/pwp-sa.ch\/de\/wp-json\/wp\/v2\/media?parent=1648"}],"curies":[{"name":"wp","href":"https:\/\/api.w.org\/{rel}","templated":true}]}}