{"id":1646,"date":"2023-03-16T13:53:25","date_gmt":"2023-03-16T13:53:25","guid":{"rendered":"https:\/\/tecnologia.vamtam.com\/?page_id=1646"},"modified":"2025-12-17T12:12:17","modified_gmt":"2025-12-17T12:12:17","slug":"terms-conditions","status":"publish","type":"page","link":"https:\/\/pwp-sa.ch\/de\/terms-conditions\/","title":{"rendered":"Bedingungen &amp; Konditionen"},"content":{"rendered":"<div data-elementor-type=\"wp-page\" data-elementor-id=\"1646\" class=\"elementor elementor-1646\" data-elementor-post-type=\"page\">\n\t\t\t\t\t\t<section class=\"elementor-section elementor-top-section elementor-element elementor-element-e37aa05 elementor-section-boxed elementor-section-height-default elementor-section-height-default magic-button-disabled-no\" data-id=\"e37aa05\" data-element_type=\"section\" data-e-type=\"section\">\n\t\t\t\t\t\t<div class=\"elementor-container elementor-column-gap-default\">\n\t\t\t\t\t<div class=\"elementor-column elementor-col-100 elementor-top-column elementor-element elementor-element-8b3e74f\" data-id=\"8b3e74f\" data-element_type=\"column\" data-e-type=\"column\">\n\t\t\t<div class=\"elementor-widget-wrap elementor-element-populated\">\n\t\t\t\t\t\t<div class=\"elementor-element elementor-element-80298dd animated-slow elementor-invisible elementor-widget elementor-widget-heading\" data-id=\"80298dd\" data-element_type=\"widget\" data-e-type=\"widget\" data-settings=\"{&quot;_animation&quot;:&quot;fadeIn&quot;,&quot;_animation_tablet&quot;:&quot;none&quot;}\" data-widget_type=\"heading.default\">\n\t\t\t\t<div class=\"elementor-widget-container\">\n\t\t\t\t\t<h1 class=\"elementor-heading-title elementor-size-default\">Datenschutzrichtlinie und Datenschutz<\/h1>\t\t\t\t<\/div>\n\t\t\t\t<\/div>\n\t\t\t\t<div class=\"elementor-element elementor-element-76d638f animated-slow elementor-invisible elementor-widget elementor-widget-heading\" data-id=\"76d638f\" data-element_type=\"widget\" data-e-type=\"widget\" data-settings=\"{&quot;_animation&quot;:&quot;fadeIn&quot;,&quot;_animation_tablet&quot;:&quot;none&quot;,&quot;_animation_delay&quot;:300}\" data-widget_type=\"heading.default\">\n\t\t\t\t<div class=\"elementor-widget-container\">\n\t\t\t\t\t<p class=\"elementor-heading-title elementor-size-default\">PWP SA<\/p>\t\t\t\t<\/div>\n\t\t\t\t<\/div>\n\t\t\t\t<div class=\"elementor-element elementor-element-fed2f21 elementor-widget elementor-widget-spacer\" data-id=\"fed2f21\" data-element_type=\"widget\" data-e-type=\"widget\" data-widget_type=\"spacer.default\">\n\t\t\t\t<div class=\"elementor-widget-container\">\n\t\t\t\t\t\t\t<div class=\"elementor-spacer\">\n\t\t\t<div class=\"elementor-spacer-inner\"><\/div>\n\t\t<\/div>\n\t\t\t\t\t\t<\/div>\n\t\t\t\t<\/div>\n\t\t\t\t\t<\/div>\n\t\t<\/div>\n\t\t\t\t\t<\/div>\n\t\t<\/section>\n\t\t<div class=\"elementor-element elementor-element-1471bb1 e-flex e-con-boxed magic-button-disabled-no e-con e-parent\" data-id=\"1471bb1\" data-element_type=\"container\" data-e-type=\"container\">\n\t\t\t\t\t<div class=\"e-con-inner\">\n\t\t\t\t<div class=\"elementor-element elementor-element-646eb6f elementor-widget elementor-widget-text-editor\" data-id=\"646eb6f\" data-element_type=\"widget\" data-e-type=\"widget\" data-widget_type=\"text-editor.default\">\n\t\t\t\t<div class=\"elementor-widget-container\">\n\t\t\t\t\t\t\t\t\t<h3 data-path-to-node=\"3\">Datenschutzrichtlinie und Datenschutz<\/h3><p data-path-to-node=\"4\"><b>Letzte Aktualisierung :<\/b> 17.12.25<\/p><h4 data-path-to-node=\"5\">1. Wer sind wir?<\/h4><p data-path-to-node=\"6\">Die Adresse unserer Website ist : <b><a class=\"ng-star-inserted\" href=\"https:\/\/pwp-sa.ch\/de\/\" target=\"_blank\" rel=\"noopener\" data-hveid=\"0\" data-ved=\"0CAAQ_4QMahgKEwjUof7WysSRAxUAAAAAHQAAAAAQkgE\">https:\/\/pwp-sa.ch<\/a><\/b>. Verantwortlich f\u00fcr die Datenverarbeitung ist das Unternehmen <b>PWP SA<\/b>, mit Sitz in Route de Neuch\u00e2tel 10, 1530 Payerne, Schweiz.<\/p><h4 data-path-to-node=\"7\">2. Kommentare<\/h4><p data-path-to-node=\"9\">\u00d6ffentliche Kommentare sind auf unserer Seite derzeit deaktiviert, um einen professionellen Austausch zu gew\u00e4hrleisten. Wenn Sie mit uns Kontakt aufnehmen oder eine Bewertung hinterlassen m\u00f6chten, sollten Sie unsere Kontaktformulare nutzen oder uns direkt eine E-Mail schicken. Sollten dennoch auf einigen Seiten Kommentare aktiviert sein: Wenn Sie einen Kommentar hinterlassen, werden die in das Formular eingetragenen Daten, aber auch Ihre IP-Adresse und der User Agent Ihres Browsers gesammelt, um uns bei der Erkennung unerw\u00fcnschter Kommentare zu helfen.<\/p><h4 data-path-to-node=\"10\">3. Medien und Dateien<\/h4><p data-path-to-node=\"11\">Wenn Sie ein registrierter Nutzer sind und Bilder oder technische Dokumente (z. B. Zeichnungen, Fotos f\u00fcr eine Bestellung) auf die Website hochladen, empfehlen wir Ihnen, keine Bilder hochzuladen, die EXIF-Daten von GPS-Koordinaten enthalten. Die Besucher Ihrer Website k\u00f6nnen keine Standortdaten aus diesen Bildern herunterladen oder extrahieren, da der Zugriff auf Ihre Dateien auf den Rahmen unserer Gesch\u00e4ftsbeziehung beschr\u00e4nkt ist.<\/p><h4 data-path-to-node=\"12\">4. Cookies<\/h4><p data-path-to-node=\"13\">Wir verwenden Cookies, um Ihre Erfahrung und den technischen Betrieb der Website zu verbessern.<\/p><ul data-path-to-node=\"14\"><li><p data-path-to-node=\"14,0,0\"><b>Formulare &amp; Login :<\/b> Wenn Sie ein Konto haben und sich auf dieser Website anmelden, wird ein tempor\u00e4res Cookie erstellt, um festzustellen, ob Ihr Browser Cookies akzeptiert. Es enth\u00e4lt keine personenbezogenen Daten und wird automatisch gel\u00f6scht, wenn Sie Ihren Browser schlie\u00dfen.<\/p><\/li><li><p data-path-to-node=\"14,1,0\"><b>Identifikation :<\/b> Wenn Sie sich anmelden, setzen wir eine Reihe von Cookies, um Ihre Anmeldeinformationen und Bildschirmeinstellungen zu speichern. Die Lebensdauer eines Anmelde-Cookies betr\u00e4gt zwei Tage, die eines Cookies f\u00fcr die Bildschirmeinstellungen ein Jahr. Wenn Sie \u00abAn mich erinnern\u00bb ankreuzen, wird Ihr Anmelde-Cookie zwei Wochen lang gespeichert. Wenn Sie sich von Ihrem Konto abmelden, wird das Anmelde-Cookie gel\u00f6scht.<\/p><\/li><li><p data-path-to-node=\"14,2,0\"><b>Cookies von Drittanbietern :<\/b> Analysetools (wie Google Analytics oder Matomo) k\u00f6nnen verwendet werden, um die Nutzung der Website anonym zu messen.<\/p><\/li><\/ul><h4 data-path-to-node=\"15\">5. Von anderen Seiten eingebettete Inhalte<\/h4><p data-path-to-node=\"16\">Die Artikel auf dieser Website k\u00f6nnen eingebettete Inhalte enthalten (z. B. Youtube-Videos, Google Maps, Bilder). Von anderen Websites eingebettete Inhalte verhalten sich genauso, als w\u00fcrde der Besucher diese andere Website besuchen. Diese Websites k\u00f6nnten Daten \u00fcber Sie sammeln, Cookies verwenden, Tracking-Tools von Drittanbietern einbetten und Ihre Interaktionen mit diesen eingebetteten Inhalten verfolgen, wenn Sie ein angemeldetes Konto auf ihrer Website haben.<\/p><h4 data-path-to-node=\"17\">6. Verwendung und Weitergabe Ihrer pers\u00f6nlichen Daten<\/h4><p data-path-to-node=\"18\">Wir verkaufen oder vermieten Ihre Daten nicht. Sie werden nur in den folgenden F\u00e4llen weitergegeben, die f\u00fcr die Erbringung unserer Dienstleistungen erforderlich sind:<\/p><ul data-path-to-node=\"19\"><li><p data-path-to-node=\"19,0,0\"><b>Logistikdienstleister :<\/b> F\u00fcr die Lieferung Ihrer Bestellungen (Spediteure).<\/p><\/li><li><p data-path-to-node=\"19,1,0\"><b>IT-Anbieter :<\/b> F\u00fcr die Pflege der Website und das Hosting.<\/p><\/li><li><p data-path-to-node=\"19,2,0\"><b>Passwort zur\u00fccksetzen :<\/b> Wenn Sie ein Zur\u00fccksetzen Ihres Passworts anfordern, wird Ihre IP-Adresse aus Sicherheitsgr\u00fcnden in der E-Mail zum Zur\u00fccksetzen enthalten sein.<\/p><\/li><\/ul><h4 data-path-to-node=\"20\">7. Dauer der Speicherung Ihrer Daten<\/h4><ul data-path-to-node=\"21\"><li><p data-path-to-node=\"21,0,0\"><b>Kontodaten :<\/b> F\u00fcr Nutzer und Nutzerinnen, die sich auf unserer Website registrieren, speichern wir die in ihrem Profil angegebenen pers\u00f6nlichen Daten, solange das Konto aktiv ist. Alle Nutzer\/innen k\u00f6nnen ihre pers\u00f6nlichen Informationen (mit Ausnahme ihres Benutzernamens) jederzeit einsehen, \u00e4ndern oder l\u00f6schen. Auch die Verwalter der Website k\u00f6nnen diese Informationen einsehen und \u00e4ndern.<\/p><\/li><li><p data-path-to-node=\"21,1,0\"><b>Buchhaltungsdaten :<\/b> In \u00dcbereinstimmung mit dem Schweizer Recht werden Daten im Zusammenhang mit Bestellungen und Rechnungen 10 Jahre lang aufbewahrt.<\/p><\/li><li><p data-path-to-node=\"21,2,0\"><b>Kontaktformulare :<\/b> Die Anfragen werden so lange aufbewahrt, wie es f\u00fcr die gesch\u00e4ftliche Bearbeitung erforderlich ist, und dann archiviert oder gel\u00f6scht, wenn sich keine Gesch\u00e4ftsbeziehung ergibt.<\/p><\/li><\/ul><h4 data-path-to-node=\"22\">8. Die Rechte, die Sie \u00fcber Ihre Daten haben<\/h4><p data-path-to-node=\"23\">Gem\u00e4\u00df dem Bundesgesetz \u00fcber den Datenschutz (nDSG) haben Sie folgende Rechte:<\/p><ul data-path-to-node=\"24\"><li><p data-path-to-node=\"24,0,0\">Recht auf Zugang zu Ihren Daten.<\/p><\/li><li><p data-path-to-node=\"24,1,0\">Recht auf Berichtigung unrichtiger Daten.<\/p><\/li><li><p data-path-to-node=\"24,2,0\">Recht auf L\u00f6schung von Daten (au\u00dfer bei gesetzlicher Aufbewahrungspflicht, z. B. Rechnungen).<\/p><\/li><li><p data-path-to-node=\"24,3,0\">Recht auf Einschr\u00e4nkung der Verarbeitung.<\/p><\/li><\/ul><p data-path-to-node=\"25\">Wenn Sie ein Benutzerkonto haben oder Kommentare auf der Website hinterlassen haben, k\u00f6nnen Sie eine Datei anfordern, die alle personenbezogenen Daten enth\u00e4lt, die wir \u00fcber Sie gespeichert haben, einschlie\u00dflich der Daten, die Sie uns zur Verf\u00fcgung gestellt haben. Sie k\u00f6nnen auch verlangen, dass Ihre personenbezogenen Daten gel\u00f6scht werden. Dies gilt nicht f\u00fcr Daten, die<span class=\"citation-319 citation-320 citation-321 citation-end-321\">Die Daten werden f\u00fcr administrative, rechtliche oder Sicherheitszwecke gespeichert.<\/span><\/p><div class=\"source-inline-chip-container ng-star-inserted\">\u00a0<\/div><div class=\"source-inline-chip-container ng-star-inserted\">\u00a0<\/div><div class=\"source-inline-chip-container ng-star-inserted\">\u00a0<\/div><p data-path-to-node=\"26\"><b><span class=\"citation-316 citation-317 citation-318\">Um diese Rechte auszu\u00fcben, wenden Sie sich bitte an :<\/span><\/b><span class=\"citation-316 citation-317 citation-318 citation-end-318\"> info@pwp-sa.ch<\/span><\/p><div class=\"source-inline-chip-container ng-star-inserted\">\u00a0<\/div><div class=\"source-inline-chip-container ng-star-inserted\">\u00a0<\/div><div class=\"source-inline-chip-container ng-star-inserted\">\u00a0<\/div><h4 data-path-to-node=\"27\"><span class=\"citation-313 citation-314 citation-315 citation-end-315\">9. Wohin Ihre Daten gesendet werden<\/span><\/h4><p data-path-to-node=\"28\"><span class=\"citation-310 citation-311 citation-312 citation-end-312\">Die Daten von Besuchern (\u00fcber Formulare) k\u00f6nnen mit Hilfe von<\/span><span class=\"citation-310 citation-311 citation-end-311\">eines automatisierten Dienstes zur Erkennung von unerw\u00fcnschten Kommentaren (Spam). Ihre Daten werden haupts\u00e4chlich in<\/span><span class=\"citation-310 citation-end-310\">Sie m\u00fcssen in der Schweiz oder in der Europ\u00e4ischen Union ans\u00e4ssig sein.<\/span><\/p>\t\t\t\t\t\t\t\t<\/div>\n\t\t\t\t<\/div>\n\t\t\t\t\t<\/div>\n\t\t\t\t<\/div>\n\t\t\t\t<\/div>","protected":false},"excerpt":{"rendered":"<p>Datenschutzrichtlinie und Datenschutz PWP SA Datenschutzrichtlinie und Datenschutz Zuletzt aktualisiert: 17.12.25 1. Wer sind wir? Die Adresse unserer Website ist: https:\/\/pwp-sa.ch. Der Verantwortliche f\u00fcr die Datenverarbeitung ist die Firma PWP SA mit Sitz Route de Neuch\u00e2tel 10, 1530 Payerne, Schweiz. 2. Kommentare...<\/p>","protected":false},"author":1,"featured_media":0,"parent":0,"menu_order":0,"comment_status":"closed","ping_status":"closed","template":"","meta":{"footnotes":""},"class_list":["post-1646","page","type-page","status-publish","hentry"],"_links":{"self":[{"href":"https:\/\/pwp-sa.ch\/de\/wp-json\/wp\/v2\/pages\/1646","targetHints":{"allow":["GET"]}}],"collection":[{"href":"https:\/\/pwp-sa.ch\/de\/wp-json\/wp\/v2\/pages"}],"about":[{"href":"https:\/\/pwp-sa.ch\/de\/wp-json\/wp\/v2\/types\/page"}],"author":[{"embeddable":true,"href":"https:\/\/pwp-sa.ch\/de\/wp-json\/wp\/v2\/users\/1"}],"replies":[{"embeddable":true,"href":"https:\/\/pwp-sa.ch\/de\/wp-json\/wp\/v2\/comments?post=1646"}],"version-history":[{"count":6,"href":"https:\/\/pwp-sa.ch\/de\/wp-json\/wp\/v2\/pages\/1646\/revisions"}],"predecessor-version":[{"id":15232,"href":"https:\/\/pwp-sa.ch\/de\/wp-json\/wp\/v2\/pages\/1646\/revisions\/15232"}],"wp:attachment":[{"href":"https:\/\/pwp-sa.ch\/de\/wp-json\/wp\/v2\/media?parent=1646"}],"curies":[{"name":"wp","href":"https:\/\/api.w.org\/{rel}","templated":true}]}}